{"id":6,"date":"2020-11-18T18:59:53","date_gmt":"2020-11-18T18:59:53","guid":{"rendered":"https:\/\/lidmaexactasunlp.wordpress.com\/?page_id=6"},"modified":"2025-07-16T12:23:56","modified_gmt":"2025-07-16T15:23:56","slug":"home","status":"publish","type":"page","link":"https:\/\/lidma.exactas.unlp.edu.ar\/","title":{"rendered":""},"content":{"rendered":"\n<div class=\"wp-block-cover alignfull\" style=\"min-height:784px;aspect-ratio:unset;\"><img loading=\"lazy\" decoding=\"async\" width=\"2231\" height=\"2560\" class=\"wp-block-cover__image-background wp-image-213\" alt=\"\" src=\"https:\/\/lidma.exactas.unlp.edu.ar\/wp-content\/uploads\/2020\/11\/dsc01264cut-scaled.jpg\" data-object-fit=\"cover\" srcset=\"https:\/\/lidma.exactas.unlp.edu.ar\/wp-content\/uploads\/2020\/11\/dsc01264cut-scaled.jpg 2231w, https:\/\/lidma.exactas.unlp.edu.ar\/wp-content\/uploads\/2020\/11\/dsc01264cut-261x300.jpg 261w, https:\/\/lidma.exactas.unlp.edu.ar\/wp-content\/uploads\/2020\/11\/dsc01264cut-893x1024.jpg 893w, https:\/\/lidma.exactas.unlp.edu.ar\/wp-content\/uploads\/2020\/11\/dsc01264cut-768x881.jpg 768w, https:\/\/lidma.exactas.unlp.edu.ar\/wp-content\/uploads\/2020\/11\/dsc01264cut-1339x1536.jpg 1339w, https:\/\/lidma.exactas.unlp.edu.ar\/wp-content\/uploads\/2020\/11\/dsc01264cut-1785x2048.jpg 1785w, https:\/\/lidma.exactas.unlp.edu.ar\/wp-content\/uploads\/2020\/11\/dsc01264cut-1568x1799.jpg 1568w\" sizes=\"auto, (max-width: 2231px) 100vw, 2231px\" \/><span aria-hidden=\"true\" class=\"wp-block-cover__background has-background-dim-10 has-background-dim\"><\/span><div class=\"wp-block-cover__inner-container is-layout-flow wp-block-cover-is-layout-flow\">\n<h1 class=\"wp-block-heading has-text-align-center\">LIDMA<\/h1>\n\n\n\n<p class=\"has-text-align-center\">Laboratorio de Investigaci\u00f3n y Desarrollo de M\u00e9todos Anal\u00edticos &#8211; Comisi\u00f3n de Investigaciones Cient\u00edficas de la Provincia de Buenos Aires (CIC &#8211; PBA) &#8211; Universidad Nacional de La Plata (UNLP)<\/p>\n<\/div><\/div>\n\n\n\n<p class=\"has-text-align-center has-large-font-size\">El Laboratorio de Investigaci\u00f3n y Desarrollo de M\u00e9todos Anal\u00edticos (LIDMA) es un espacio acad\u00e9mico y cient\u00edfico que integra de manera s\u00f3lida dos pilares fundamentales: <strong>la ense\u00f1anza y formaci\u00f3n de profesionales altamente capacitados<\/strong>, y <strong>la prestaci\u00f3n de servicios de an\u00e1lisis qu\u00edmicos y anal\u00edticos de alta calidad<\/strong>.<\/p>\n\n\n\n<p class=\"has-text-align-center has-large-font-size\">Nuestra misi\u00f3n es contribuir al desarrollo del conocimiento, brindando un entorno de aprendizaje pr\u00e1ctico para estudiantes, investigadores y docentes. A su vez ofrecemos servicios de an\u00e1lisis aplicados a diversas \u00e1reas como alimentos, medioambiente, industria y salud.<\/p>\n\n\n\n<div class=\"wp-block-jetpack-layout-grid alignfull column1-desktop-grid__span-4 column1-desktop-grid__row-1 column2-desktop-grid__span-4 column2-desktop-grid__start-5 column2-desktop-grid__row-1 column3-desktop-grid__span-4 column3-desktop-grid__start-9 column3-desktop-grid__row-1 column1-tablet-grid__span-4 column1-tablet-grid__row-1 column2-tablet-grid__span-4 column2-tablet-grid__start-5 column2-tablet-grid__row-1 column3-tablet-grid__span-8 column3-tablet-grid__row-2 column1-mobile-grid__span-4 column1-mobile-grid__row-1 column2-mobile-grid__span-4 column2-mobile-grid__row-2 column3-mobile-grid__span-4 column3-mobile-grid__row-3\">\n<div class=\"wp-block-jetpack-layout-grid-column wp-block-jetpack-layout-grid__padding-none\">\n<figure class=\"wp-block-image size-large is-resized\"><a href=\"https:\/\/unlp.edu.ar\/\"><img loading=\"lazy\" decoding=\"async\" width=\"800\" height=\"390\" src=\"http:\/\/lidma.exactas.unlp.edu.ar\/wp-content\/uploads\/2020\/12\/unlp.jpg\" alt=\"\" class=\"wp-image-584\" style=\"width:229px;height:112px\" srcset=\"https:\/\/lidma.exactas.unlp.edu.ar\/wp-content\/uploads\/2020\/12\/unlp.jpg 800w, https:\/\/lidma.exactas.unlp.edu.ar\/wp-content\/uploads\/2020\/12\/unlp-300x146.jpg 300w, https:\/\/lidma.exactas.unlp.edu.ar\/wp-content\/uploads\/2020\/12\/unlp-768x374.jpg 768w\" sizes=\"auto, (max-width: 800px) 100vw, 800px\" \/><\/a><\/figure>\n\n\n\n<p><\/p>\n<\/div>\n\n\n\n<div class=\"wp-block-jetpack-layout-grid-column wp-block-jetpack-layout-grid__padding-none\">\n<figure class=\"wp-block-image size-large\"><a href=\"https:\/\/www.cic.gba.gob.ar\/\"><img loading=\"lazy\" decoding=\"async\" width=\"534\" height=\"247\" src=\"http:\/\/lidma.exactas.unlp.edu.ar\/wp-content\/uploads\/2020\/12\/cic-2.png\" alt=\"\" class=\"wp-image-586\" srcset=\"https:\/\/lidma.exactas.unlp.edu.ar\/wp-content\/uploads\/2020\/12\/cic-2.png 534w, https:\/\/lidma.exactas.unlp.edu.ar\/wp-content\/uploads\/2020\/12\/cic-2-300x139.png 300w\" sizes=\"auto, (max-width: 534px) 100vw, 534px\" \/><\/a><\/figure>\n\n\n\n<p><\/p>\n<\/div>\n\n\n\n<div class=\"wp-block-jetpack-layout-grid-column wp-block-jetpack-layout-grid__padding-none\">\n<figure class=\"wp-block-image size-large\"><a href=\"https:\/\/www.conicet.gov.ar\/\"><img loading=\"lazy\" decoding=\"async\" width=\"1024\" height=\"474\" src=\"http:\/\/lidma.exactas.unlp.edu.ar\/wp-content\/uploads\/2020\/12\/conicett-1024x474.jpg\" alt=\"\" class=\"wp-image-587\" srcset=\"https:\/\/lidma.exactas.unlp.edu.ar\/wp-content\/uploads\/2020\/12\/conicett-1024x474.jpg 1024w, https:\/\/lidma.exactas.unlp.edu.ar\/wp-content\/uploads\/2020\/12\/conicett-300x139.jpg 300w, https:\/\/lidma.exactas.unlp.edu.ar\/wp-content\/uploads\/2020\/12\/conicett-768x356.jpg 768w, https:\/\/lidma.exactas.unlp.edu.ar\/wp-content\/uploads\/2020\/12\/conicett.jpg 1200w\" sizes=\"auto, (max-width: 1024px) 100vw, 1024px\" \/><\/a><\/figure>\n\n\n\n<p><\/p>\n<\/div>\n<\/div>\n\n\n\n<p><strong><a href=\"https:\/\/lidma.exactas.unlp.edu.ar\/index.php\/ciclo-seminarios\/\" data-type=\"link\" data-id=\"https:\/\/lidma.exactas.unlp.edu.ar\/index.php\/ciclo-seminarios\/?preview_id=831&amp;preview_nonce=b4f653d4c7&amp;preview=true\" target=\"_blank\" rel=\"noreferrer noopener\">Ciclo de seminarios LIDMA<\/a><\/strong><\/p>\n","protected":false},"excerpt":{"rendered":"<p>El Laboratorio de Investigaci\u00f3n y Desarrollo de M\u00e9todos Anal\u00edticos (LIDMA) es un espacio acad\u00e9mico y cient\u00edfico que integra de manera s\u00f3lida dos pilares fundamentales: la ense\u00f1anza y formaci\u00f3n de profesionales altamente capacitados, y la prestaci\u00f3n de servicios de an\u00e1lisis qu\u00edmicos y anal\u00edticos de alta calidad. Nuestra misi\u00f3n es contribuir al desarrollo del conocimiento, brindando un<a class=\"more-link\" href=\"https:\/\/lidma.exactas.unlp.edu.ar\/\">Continue reading <\/a><\/p>\n","protected":false},"author":2,"featured_media":0,"parent":0,"menu_order":1,"comment_status":"closed","ping_status":"closed","template":"","meta":{"footnotes":""},"class_list":["post-6","page","type-page","status-publish","hentry","entry"],"_links":{"self":[{"href":"https:\/\/lidma.exactas.unlp.edu.ar\/index.php\/wp-json\/wp\/v2\/pages\/6","targetHints":{"allow":["GET"]}}],"collection":[{"href":"https:\/\/lidma.exactas.unlp.edu.ar\/index.php\/wp-json\/wp\/v2\/pages"}],"about":[{"href":"https:\/\/lidma.exactas.unlp.edu.ar\/index.php\/wp-json\/wp\/v2\/types\/page"}],"author":[{"embeddable":true,"href":"https:\/\/lidma.exactas.unlp.edu.ar\/index.php\/wp-json\/wp\/v2\/users\/2"}],"replies":[{"embeddable":true,"href":"https:\/\/lidma.exactas.unlp.edu.ar\/index.php\/wp-json\/wp\/v2\/comments?post=6"}],"version-history":[{"count":29,"href":"https:\/\/lidma.exactas.unlp.edu.ar\/index.php\/wp-json\/wp\/v2\/pages\/6\/revisions"}],"predecessor-version":[{"id":1011,"href":"https:\/\/lidma.exactas.unlp.edu.ar\/index.php\/wp-json\/wp\/v2\/pages\/6\/revisions\/1011"}],"wp:attachment":[{"href":"https:\/\/lidma.exactas.unlp.edu.ar\/index.php\/wp-json\/wp\/v2\/media?parent=6"}],"curies":[{"name":"wp","href":"https:\/\/api.w.org\/{rel}","templated":true}]}}